{"id":924,"date":"2025-03-12T12:50:41","date_gmt":"2025-03-12T12:50:41","guid":{"rendered":"https:\/\/www.elenaherz.com\/?page_id=924"},"modified":"2025-08-25T11:25:58","modified_gmt":"2025-08-25T10:25:58","slug":"academia","status":"publish","type":"page","link":"https:\/\/www.elenaherz.com\/de\/academia\/","title":{"rendered":"Akademie"},"content":{"rendered":"\t\t<div data-elementor-type=\"wp-page\" data-elementor-id=\"924\" class=\"elementor elementor-924\" data-elementor-post-type=\"page\">\n\t\t\t\t\t\t<section class=\"elementor-section elementor-top-section elementor-element elementor-element-568759f elementor-section-boxed elementor-section-height-default elementor-section-height-default\" data-id=\"568759f\" data-element_type=\"section\" data-e-type=\"section\" data-settings=\"{&quot;background_background&quot;:&quot;classic&quot;}\">\n\t\t\t\t\t\t<div class=\"elementor-container elementor-column-gap-wide\">\n\t\t\t\t\t<div class=\"elementor-column elementor-col-50 elementor-top-column elementor-element elementor-element-74432bf\" data-id=\"74432bf\" data-element_type=\"column\" data-e-type=\"column\">\n\t\t\t<div class=\"elementor-widget-wrap elementor-element-populated\">\n\t\t\t\t\t\t<div class=\"elementor-element elementor-element-ae5f391 elementor-widget elementor-widget-heading\" data-id=\"ae5f391\" data-element_type=\"widget\" data-e-type=\"widget\" data-widget_type=\"heading.default\">\n\t\t\t\t<div class=\"elementor-widget-container\">\n\t\t\t\t\t<h1 class=\"elementor-heading-title elementor-size-default\">Academia Online<\/h1>\t\t\t\t<\/div>\n\t\t\t\t<\/div>\n\t\t\t\t<div class=\"elementor-element elementor-element-40219f3 elementor-widget__width-initial elementor-widget elementor-widget-text-editor\" data-id=\"40219f3\" data-element_type=\"widget\" data-e-type=\"widget\" data-widget_type=\"text-editor.default\">\n\t\t\t\t<div class=\"elementor-widget-container\">\n\t\t\t\t\t\t\t\t\t<p>\u00a1Ejercicio para tu cuerpo y energ\u00eda!<br \/>\u00bfQuieres transformar tu cuerpo y tu energ\u00eda desde la comodidad de tu casa?<br \/>Te comparto videos exclusivos de ejercicios con los mejores beneficios f\u00edsicos y energ\u00e9ticos para ti.<br \/>Adem\u00e1s, descubre los Flujos Energ\u00e9ticos, una t\u00e9cnica de curaci\u00f3n cu\u00e1ntica que te lleva a un estado de profunda relajaci\u00f3n y bienestar, ayud\u00e1ndote a dar ese salto cu\u00e1ntico que tanto necesitas.<\/p><p>En el curso de Chamanismo vas a aprender conocer a ti mismo con tecnicas chamanicas.<\/p><p>Si quires mas info conectate conmigo<\/p>\t\t\t\t\t\t\t\t<\/div>\n\t\t\t\t<\/div>\n\t\t\t\t\t<\/div>\n\t\t<\/div>\n\t\t\t\t<div class=\"elementor-column elementor-col-50 elementor-top-column elementor-element elementor-element-94f598f\" data-id=\"94f598f\" data-element_type=\"column\" data-e-type=\"column\">\n\t\t\t<div class=\"elementor-widget-wrap\">\n\t\t\t\t\t\t\t<\/div>\n\t\t<\/div>\n\t\t\t\t\t<\/div>\n\t\t<\/section>\n\t\t<div class=\"elementor-element elementor-element-ed87e56 e-flex e-con-boxed e-con e-parent\" data-id=\"ed87e56\" data-element_type=\"container\" data-e-type=\"container\">\n\t\t\t\t\t<div class=\"e-con-inner\">\n\t\t<div class=\"elementor-element elementor-element-a7cfdd0 e-con-full e-flex e-con e-child\" data-id=\"a7cfdd0\" data-element_type=\"container\" data-e-type=\"container\">\n\t\t\t\t<div class=\"woocommerce elementor-element elementor-element-6f55df8 elementor-grid-4 elementor-grid-tablet-2 elementor-grid-mobile-1 elementor-widget elementor-widget-loop-grid\" data-id=\"6f55df8\" data-element_type=\"widget\" data-e-type=\"widget\" data-settings=\"{&quot;_skin&quot;:&quot;product&quot;,&quot;template_id&quot;:&quot;1408&quot;,&quot;columns&quot;:4,&quot;columns_tablet&quot;:&quot;2&quot;,&quot;columns_mobile&quot;:&quot;1&quot;,&quot;edit_handle_selector&quot;:&quot;[data-elementor-type=\\&quot;loop-item\\&quot;]&quot;,&quot;row_gap&quot;:{&quot;unit&quot;:&quot;px&quot;,&quot;size&quot;:&quot;&quot;,&quot;sizes&quot;:[]},&quot;row_gap_tablet&quot;:{&quot;unit&quot;:&quot;px&quot;,&quot;size&quot;:&quot;&quot;,&quot;sizes&quot;:[]},&quot;row_gap_mobile&quot;:{&quot;unit&quot;:&quot;px&quot;,&quot;size&quot;:&quot;&quot;,&quot;sizes&quot;:[]}}\" data-widget_type=\"loop-grid.product\">\n\t\t\t\t<div class=\"elementor-widget-container\">\n\t\t\t\t\t\t\t<div class=\"elementor-loop-container elementor-grid\" role=\"list\">\n\t\t<style id=\"loop-dynamic-1408\">.e-loop-item-958 .elementor-element.elementor-element-d0d77e0:not(.elementor-motion-effects-element-type-background), .e-loop-item-958 .elementor-element.elementor-element-d0d77e0 > .elementor-motion-effects-container > .elementor-motion-effects-layer{background-image:url(\"https:\/\/www.elenaherz.com\/wp-content\/uploads\/2025\/03\/photo_2025-02-21_14-38-04-e1741689754795.webp\");}<\/style><style id=\"loop-1408\">.elementor-1408 .elementor-element.elementor-element-1a35735{--display:flex;--min-height:385px;--flex-direction:column;--container-widget-width:100%;--container-widget-height:initial;--container-widget-flex-grow:0;--container-widget-align-self:initial;--flex-wrap-mobile:wrap;--justify-content:center;--border-radius:10px 10px 10px 10px;box-shadow:0px 0px 5px 0px rgba(0, 0, 0, 0.47);--margin-top:0px;--margin-bottom:0px;--margin-left:0px;--margin-right:0px;--padding-top:0px;--padding-bottom:0px;--padding-left:0px;--padding-right:0px;}.elementor-1408 .elementor-element.elementor-element-d0d77e0{--display:flex;--min-height:260px;--border-radius:10px 10px 0px 0px;--margin-top:0px;--margin-bottom:0px;--margin-left:0px;--margin-right:0px;--padding-top:0px;--padding-bottom:0px;--padding-left:0px;--padding-right:0px;}.elementor-1408 .elementor-element.elementor-element-d0d77e0:not(.elementor-motion-effects-element-type-background), .elementor-1408 .elementor-element.elementor-element-d0d77e0 > .elementor-motion-effects-container > .elementor-motion-effects-layer{background-size:cover;}.elementor-1408 .elementor-element.elementor-element-352a048{--display:flex;--min-height:90px;--justify-content:center;--margin-top:-5%;--margin-bottom:0%;--margin-left:0%;--margin-right:0%;--padding-top:0px;--padding-bottom:0px;--padding-left:0px;--padding-right:0px;}.elementor-1408 .elementor-element.elementor-element-906e7f4{text-align:center;}.elementor-1408 .elementor-element.elementor-element-906e7f4 .elementor-heading-title{font-family:\"Roboto Slab\", Sans-serif;font-size:16px;font-weight:400;}.elementor-1408 .elementor-element.elementor-element-2b517e6{--display:flex;--margin-top:-5%;--margin-bottom:0%;--margin-left:0%;--margin-right:0%;--padding-top:0px;--padding-bottom:0px;--padding-left:0px;--padding-right:0px;}.elementor-1408 .elementor-element.elementor-element-6013071 .elementor-button{font-size:12px;font-weight:200;text-transform:uppercase;fill:var( --e-global-color-secondary );color:var( --e-global-color-secondary );background-color:var( --e-global-color-accent );border-style:none;border-radius:0px 0px 10px 10px;padding:10px 10px 10px 10px;}.elementor-1408 .elementor-element.elementor-element-6013071 .elementor-button:hover, .elementor-1408 .elementor-element.elementor-element-6013071 .elementor-button:focus{color:var( --e-global-color-3689646 );background-color:var( --e-global-color-primary );}.elementor-1408 .elementor-element.elementor-element-6013071 .elementor-button:hover svg, .elementor-1408 .elementor-element.elementor-element-6013071 .elementor-button:focus svg{fill:var( --e-global-color-3689646 );}@media(min-width:768px){.elementor-1408 .elementor-element.elementor-element-352a048{--width:100%;}}<\/style>\t\t<div data-elementor-type=\"loop-item\" data-elementor-id=\"1408\" class=\"elementor elementor-1408 e-loop-item e-loop-item-958 post-958 product type-product status-publish has-post-thumbnail product_cat-sin-categorizar first instock virtual taxable purchasable product-type-simple\" data-elementor-post-type=\"elementor_library\" data-custom-edit-handle=\"1\">\n\t\t\t<div class=\"elementor-element elementor-element-1a35735 e-flex e-con-boxed e-con e-parent\" data-id=\"1a35735\" data-element_type=\"container\" data-e-type=\"container\">\n\t\t\t\t\t<div class=\"e-con-inner\">\n\t\t<a class=\"elementor-element elementor-element-d0d77e0 e-con-full e-flex e-con e-child\" data-id=\"d0d77e0\" data-element_type=\"container\" data-e-type=\"container\" data-settings=\"{&quot;background_background&quot;:&quot;classic&quot;}\" href=\"https:\/\/www.elenaherz.com\/de?add-to-cart=958&#038;quantity=1&#038;e-redirect=https:\/\/www.elenaherz.com\/de\/produkt\/chamanismo\/\">\n\t\t\t\t<\/a>\n\t\t<a class=\"elementor-element elementor-element-352a048 e-con-full e-flex e-con e-child\" data-id=\"352a048\" data-element_type=\"container\" data-e-type=\"container\" href=\"https:\/\/www.elenaherz.com\/de?add-to-cart=958&#038;quantity=1&#038;e-redirect=https:\/\/www.elenaherz.com\/de\/produkt\/chamanismo\/\">\n\t\t\t\t<div class=\"elementor-element elementor-element-906e7f4 elementor-widget elementor-widget-heading\" data-id=\"906e7f4\" data-element_type=\"widget\" data-e-type=\"widget\" data-widget_type=\"heading.default\">\n\t\t\t\t<div class=\"elementor-widget-container\">\n\t\t\t\t\t<h2 class=\"elementor-heading-title elementor-size-default\">Chamanismo<\/h2>\t\t\t\t<\/div>\n\t\t\t\t<\/div>\n\t\t\t\t<\/a>\n\t\t<div class=\"elementor-element elementor-element-2b517e6 e-con-full e-flex e-con e-child\" data-id=\"2b517e6\" data-element_type=\"container\" data-e-type=\"container\">\n\t\t\t\t<div class=\"elementor-element elementor-element-6013071 elementor-align-justify elementor-widget elementor-widget-button\" data-id=\"6013071\" data-element_type=\"widget\" data-e-type=\"widget\" data-widget_type=\"button.default\">\n\t\t\t\t<div class=\"elementor-widget-container\">\n\t\t\t\t\t\t\t\t\t<div class=\"elementor-button-wrapper\">\n\t\t\t\t\t<a class=\"elementor-button elementor-button-link elementor-size-sm\" href=\"https:\/\/www.elenaherz.com\/de?add-to-cart=958&#038;quantity=1&#038;e-redirect=https:\/\/www.elenaherz.com\/de\/produkt\/chamanismo\/\">\n\t\t\t\t\t\t<span class=\"elementor-button-content-wrapper\">\n\t\t\t\t\t\t\t\t\t<span class=\"elementor-button-text\">A\u00f1adir al carrito<\/span>\n\t\t\t\t\t<\/span>\n\t\t\t\t\t<\/a>\n\t\t\t\t<\/div>\n\t\t\t\t\t\t\t\t<\/div>\n\t\t\t\t<\/div>\n\t\t\t\t<\/div>\n\t\t\t\t\t<\/div>\n\t\t\t\t<\/div>\n\t\t\t\t<\/div>\n\t\t<style id=\"loop-dynamic-1408\">.e-loop-item-946 .elementor-element.elementor-element-d0d77e0:not(.elementor-motion-effects-element-type-background), .e-loop-item-946 .elementor-element.elementor-element-d0d77e0 > .elementor-motion-effects-container > .elementor-motion-effects-layer{background-image:url(\"https:\/\/www.elenaherz.com\/wp-content\/uploads\/2025\/03\/a29-e1741689866591.webp\");}<\/style>\t\t<div data-elementor-type=\"loop-item\" data-elementor-id=\"1408\" class=\"elementor elementor-1408 e-loop-item e-loop-item-946 post-946 product type-product status-publish has-post-thumbnail product_cat-sin-categorizar  instock virtual sold-individually taxable purchasable product-type-course\" data-elementor-post-type=\"elementor_library\" data-custom-edit-handle=\"1\">\n\t\t\t<div class=\"elementor-element elementor-element-1a35735 e-flex e-con-boxed e-con e-parent\" data-id=\"1a35735\" data-element_type=\"container\" data-e-type=\"container\">\n\t\t\t\t\t<div class=\"e-con-inner\">\n\t\t<a class=\"elementor-element elementor-element-d0d77e0 e-con-full e-flex e-con e-child\" data-id=\"d0d77e0\" data-element_type=\"container\" data-e-type=\"container\" data-settings=\"{&quot;background_background&quot;:&quot;classic&quot;}\" href=\"https:\/\/www.elenaherz.com\/de?add-to-cart=946&#038;quantity=1&#038;e-redirect=https:\/\/www.elenaherz.com\/de\/produkt\/curso-base-ii\/\">\n\t\t\t\t<\/a>\n\t\t<a class=\"elementor-element elementor-element-352a048 e-con-full e-flex e-con e-child\" data-id=\"352a048\" data-element_type=\"container\" data-e-type=\"container\" href=\"https:\/\/www.elenaherz.com\/de?add-to-cart=946&#038;quantity=1&#038;e-redirect=https:\/\/www.elenaherz.com\/de\/produkt\/curso-base-ii\/\">\n\t\t\t\t<div class=\"elementor-element elementor-element-906e7f4 elementor-widget elementor-widget-heading\" data-id=\"906e7f4\" data-element_type=\"widget\" data-e-type=\"widget\" data-widget_type=\"heading.default\">\n\t\t\t\t<div class=\"elementor-widget-container\">\n\t\t\t\t\t<h2 class=\"elementor-heading-title elementor-size-default\">Flujo de Energia<\/h2>\t\t\t\t<\/div>\n\t\t\t\t<\/div>\n\t\t\t\t<\/a>\n\t\t<div class=\"elementor-element elementor-element-2b517e6 e-con-full e-flex e-con e-child\" data-id=\"2b517e6\" data-element_type=\"container\" data-e-type=\"container\">\n\t\t\t\t<div class=\"elementor-element elementor-element-6013071 elementor-align-justify elementor-widget elementor-widget-button\" data-id=\"6013071\" data-element_type=\"widget\" data-e-type=\"widget\" data-widget_type=\"button.default\">\n\t\t\t\t<div class=\"elementor-widget-container\">\n\t\t\t\t\t\t\t\t\t<div class=\"elementor-button-wrapper\">\n\t\t\t\t\t<a class=\"elementor-button elementor-button-link elementor-size-sm\" href=\"https:\/\/www.elenaherz.com\/de?add-to-cart=946&#038;quantity=1&#038;e-redirect=https:\/\/www.elenaherz.com\/de\/produkt\/curso-base-ii\/\">\n\t\t\t\t\t\t<span class=\"elementor-button-content-wrapper\">\n\t\t\t\t\t\t\t\t\t<span class=\"elementor-button-text\">A\u00f1adir al carrito<\/span>\n\t\t\t\t\t<\/span>\n\t\t\t\t\t<\/a>\n\t\t\t\t<\/div>\n\t\t\t\t\t\t\t\t<\/div>\n\t\t\t\t<\/div>\n\t\t\t\t<\/div>\n\t\t\t\t\t<\/div>\n\t\t\t\t<\/div>\n\t\t\t\t<\/div>\n\t\t<style id=\"loop-dynamic-1408\">.e-loop-item-487 .elementor-element.elementor-element-d0d77e0:not(.elementor-motion-effects-element-type-background), .e-loop-item-487 .elementor-element.elementor-element-d0d77e0 > .elementor-motion-effects-container > .elementor-motion-effects-layer{background-image:url(\"https:\/\/www.elenaherz.com\/wp-content\/uploads\/2025\/03\/a13.webp\");}<\/style>\t\t<div data-elementor-type=\"loop-item\" data-elementor-id=\"1408\" class=\"elementor elementor-1408 e-loop-item e-loop-item-487 post-487 product type-product status-publish has-post-thumbnail product_cat-sin-categorizar  instock virtual taxable purchasable product-type-simple\" data-elementor-post-type=\"elementor_library\" data-custom-edit-handle=\"1\">\n\t\t\t<div class=\"elementor-element elementor-element-1a35735 e-flex e-con-boxed e-con e-parent\" data-id=\"1a35735\" data-element_type=\"container\" data-e-type=\"container\">\n\t\t\t\t\t<div class=\"e-con-inner\">\n\t\t<a class=\"elementor-element elementor-element-d0d77e0 e-con-full e-flex e-con e-child\" data-id=\"d0d77e0\" data-element_type=\"container\" data-e-type=\"container\" data-settings=\"{&quot;background_background&quot;:&quot;classic&quot;}\" href=\"https:\/\/www.elenaherz.com\/de?add-to-cart=487&#038;quantity=1&#038;e-redirect=https:\/\/www.elenaherz.com\/de\/produkt\/curso-base\/\">\n\t\t\t\t<\/a>\n\t\t<a class=\"elementor-element elementor-element-352a048 e-con-full e-flex e-con e-child\" data-id=\"352a048\" data-element_type=\"container\" data-e-type=\"container\" href=\"https:\/\/www.elenaherz.com\/de?add-to-cart=487&#038;quantity=1&#038;e-redirect=https:\/\/www.elenaherz.com\/de\/produkt\/curso-base\/\">\n\t\t\t\t<div class=\"elementor-element elementor-element-906e7f4 elementor-widget elementor-widget-heading\" data-id=\"906e7f4\" data-element_type=\"widget\" data-e-type=\"widget\" data-widget_type=\"heading.default\">\n\t\t\t\t<div class=\"elementor-widget-container\">\n\t\t\t\t\t<h2 class=\"elementor-heading-title elementor-size-default\">Ejercicios para el cuerpo<\/h2>\t\t\t\t<\/div>\n\t\t\t\t<\/div>\n\t\t\t\t<\/a>\n\t\t<div class=\"elementor-element elementor-element-2b517e6 e-con-full e-flex e-con e-child\" data-id=\"2b517e6\" data-element_type=\"container\" data-e-type=\"container\">\n\t\t\t\t<div class=\"elementor-element elementor-element-6013071 elementor-align-justify elementor-widget elementor-widget-button\" data-id=\"6013071\" data-element_type=\"widget\" data-e-type=\"widget\" data-widget_type=\"button.default\">\n\t\t\t\t<div class=\"elementor-widget-container\">\n\t\t\t\t\t\t\t\t\t<div class=\"elementor-button-wrapper\">\n\t\t\t\t\t<a class=\"elementor-button elementor-button-link elementor-size-sm\" href=\"https:\/\/www.elenaherz.com\/de?add-to-cart=487&#038;quantity=1&#038;e-redirect=https:\/\/www.elenaherz.com\/de\/produkt\/curso-base\/\">\n\t\t\t\t\t\t<span class=\"elementor-button-content-wrapper\">\n\t\t\t\t\t\t\t\t\t<span class=\"elementor-button-text\">A\u00f1adir al carrito<\/span>\n\t\t\t\t\t<\/span>\n\t\t\t\t\t<\/a>\n\t\t\t\t<\/div>\n\t\t\t\t\t\t\t\t<\/div>\n\t\t\t\t<\/div>\n\t\t\t\t<\/div>\n\t\t\t\t\t<\/div>\n\t\t\t\t<\/div>\n\t\t\t\t<\/div>\n\t\t\t\t<\/div>\n\t\t\n\t\t\t\t\t\t<\/div>\n\t\t\t\t<\/div>\n\t\t\t\t<\/div>\n\t\t\t\t\t<\/div>\n\t\t\t\t<\/div>\n\t\t\t\t<\/div>\n\t\t","protected":false},"excerpt":{"rendered":"<p>Academia Online \u00a1Ejercicio para tu cuerpo y energ\u00eda!\u00bfQuieres transformar tu cuerpo y tu energ\u00eda desde la comodidad de tu casa?Te comparto videos exclusivos de ejercicios&hellip;<\/p>","protected":false},"author":16,"featured_media":0,"parent":0,"menu_order":0,"comment_status":"closed","ping_status":"closed","template":"elementor_header_footer","meta":{"footnotes":""},"class_list":["post-924","page","type-page","status-publish","hentry"],"_links":{"self":[{"href":"https:\/\/www.elenaherz.com\/de\/wp-json\/wp\/v2\/pages\/924","targetHints":{"allow":["GET"]}}],"collection":[{"href":"https:\/\/www.elenaherz.com\/de\/wp-json\/wp\/v2\/pages"}],"about":[{"href":"https:\/\/www.elenaherz.com\/de\/wp-json\/wp\/v2\/types\/page"}],"author":[{"embeddable":true,"href":"https:\/\/www.elenaherz.com\/de\/wp-json\/wp\/v2\/users\/16"}],"replies":[{"embeddable":true,"href":"https:\/\/www.elenaherz.com\/de\/wp-json\/wp\/v2\/comments?post=924"}],"version-history":[{"count":5,"href":"https:\/\/www.elenaherz.com\/de\/wp-json\/wp\/v2\/pages\/924\/revisions"}],"predecessor-version":[{"id":1436,"href":"https:\/\/www.elenaherz.com\/de\/wp-json\/wp\/v2\/pages\/924\/revisions\/1436"}],"wp:attachment":[{"href":"https:\/\/www.elenaherz.com\/de\/wp-json\/wp\/v2\/media?parent=924"}],"curies":[{"name":"wp","href":"https:\/\/api.w.org\/{rel}","templated":true}]}}