{"id":968,"date":"2025-03-19T16:37:56","date_gmt":"2025-03-19T16:37:56","guid":{"rendered":"https:\/\/www.elenaherz.com\/?page_id=968"},"modified":"2026-01-14T14:28:47","modified_gmt":"2026-01-14T14:28:47","slug":"blog","status":"publish","type":"page","link":"https:\/\/www.elenaherz.com\/en\/blog\/","title":{"rendered":"Blog"},"content":{"rendered":"<div data-elementor-type=\"wp-page\" data-elementor-id=\"968\" class=\"elementor elementor-968\" data-elementor-post-type=\"page\">\n\t\t\t\t\t\t<section class=\"elementor-section elementor-top-section elementor-element elementor-element-494b3bbd elementor-section-boxed elementor-section-height-default elementor-section-height-default\" data-id=\"494b3bbd\" data-element_type=\"section\" data-e-type=\"section\" data-settings=\"{&quot;background_background&quot;:&quot;classic&quot;}\">\n\t\t\t\t\t\t<div class=\"elementor-container elementor-column-gap-wide\">\n\t\t\t\t\t<div class=\"elementor-column elementor-col-50 elementor-top-column elementor-element elementor-element-15f31dd2\" data-id=\"15f31dd2\" data-element_type=\"column\" data-e-type=\"column\">\n\t\t\t<div class=\"elementor-widget-wrap elementor-element-populated\">\n\t\t\t\t\t\t<div class=\"elementor-element elementor-element-4ede954 elementor-widget elementor-widget-heading\" data-id=\"4ede954\" data-element_type=\"widget\" data-e-type=\"widget\" data-widget_type=\"heading.default\">\n\t\t\t\t<div class=\"elementor-widget-container\">\n\t\t\t\t\t<div class=\"elementor-heading-title elementor-size-default\">Blog<\/div>\t\t\t\t<\/div>\n\t\t\t\t<\/div>\n\t\t\t\t<div class=\"elementor-element elementor-element-3a3353c0 elementor-widget elementor-widget-text-editor\" data-id=\"3a3353c0\" data-element_type=\"widget\" data-e-type=\"widget\" data-widget_type=\"text-editor.default\">\n\t\t\t\t<div class=\"elementor-widget-container\">\n\t\t\t\t\t\t\t\t\t<p>Discover tips, exercises, and recommendations to improve your physical well-being, prevent injuries, and optimize your recovery with the support of physical therapy.<\/p>\t\t\t\t\t\t\t\t<\/div>\n\t\t\t\t<\/div>\n\t\t\t\t\t<\/div>\n\t\t<\/div>\n\t\t\t\t<div class=\"elementor-column elementor-col-50 elementor-top-column elementor-element elementor-element-25094dd9\" data-id=\"25094dd9\" data-element_type=\"column\" data-e-type=\"column\">\n\t\t\t<div class=\"elementor-widget-wrap\">\n\t\t\t\t\t\t\t<\/div>\n\t\t<\/div>\n\t\t\t\t\t<\/div>\n\t\t<\/section>\n\t\t\t\t<section class=\"elementor-section elementor-top-section elementor-element elementor-element-7dd74d8d elementor-section-boxed elementor-section-height-default elementor-section-height-default\" data-id=\"7dd74d8d\" data-element_type=\"section\" data-e-type=\"section\">\n\t\t\t\t\t\t<div class=\"elementor-container elementor-column-gap-wide\">\n\t\t\t\t\t<div class=\"elementor-column elementor-col-100 elementor-top-column elementor-element elementor-element-32bffe34\" data-id=\"32bffe34\" data-element_type=\"column\" data-e-type=\"column\">\n\t\t\t<div class=\"elementor-widget-wrap elementor-element-populated\">\n\t\t\t\t\t\t<div class=\"elementor-element elementor-element-a0705e8 elementor-grid-3 elementor-grid-tablet-2 elementor-grid-mobile-1 elementor-posts--thumbnail-top elementor-widget elementor-widget-posts\" data-id=\"a0705e8\" data-element_type=\"widget\" data-e-type=\"widget\" data-settings=\"{&quot;classic_columns&quot;:&quot;3&quot;,&quot;classic_columns_tablet&quot;:&quot;2&quot;,&quot;classic_columns_mobile&quot;:&quot;1&quot;,&quot;classic_row_gap&quot;:{&quot;unit&quot;:&quot;px&quot;,&quot;size&quot;:35,&quot;sizes&quot;:[]},&quot;classic_row_gap_tablet&quot;:{&quot;unit&quot;:&quot;px&quot;,&quot;size&quot;:&quot;&quot;,&quot;sizes&quot;:[]},&quot;classic_row_gap_mobile&quot;:{&quot;unit&quot;:&quot;px&quot;,&quot;size&quot;:&quot;&quot;,&quot;sizes&quot;:[]}}\" data-widget_type=\"posts.classic\">\n\t\t\t\t<div class=\"elementor-widget-container\">\n\t\t\t\t\t\t\t<div class=\"elementor-posts-container elementor-posts elementor-posts--skin-classic elementor-grid\" role=\"list\">\n\t\t\t\t<article class=\"elementor-post elementor-grid-item post-1156 post type-post status-publish format-standard has-post-thumbnail hentry category-sin-categoria\" role=\"listitem\">\n\t\t\t\t<a class=\"elementor-post__thumbnail__link\" href=\"https:\/\/www.elenaherz.com\/en\/sin-categoria\/medizinische-biomagnet-paar-therapie-das-garaus-fuer-krankheitserreger\/\" tabindex=\"-1\" >\n\t\t\t<div class=\"elementor-post__thumbnail\"><img decoding=\"async\" width=\"150\" height=\"150\" src=\"https:\/\/www.elenaherz.com\/wp-content\/uploads\/2025\/03\/a13-150x150.webp\" class=\"attachment-thumbnail size-thumbnail wp-image-851\" alt=\"\" title=\"\" srcset=\"https:\/\/www.elenaherz.com\/wp-content\/uploads\/2025\/03\/a13-150x150.webp 150w, https:\/\/www.elenaherz.com\/wp-content\/uploads\/2025\/03\/a13-1200.webp 1200w, https:\/\/www.elenaherz.com\/wp-content\/uploads\/2025\/03\/a13-600.webp 600w, https:\/\/www.elenaherz.com\/wp-content\/uploads\/2025\/03\/a13-300.webp 300w\" sizes=\"(max-width: 150px) 100vw, 150px\" \/><\/div>\n\t\t<\/a>\n\t\t\t\t<div class=\"elementor-post__text\">\n\t\t\t\t<h2 class=\"elementor-post__title\">\n\t\t\t<a href=\"https:\/\/www.elenaherz.com\/en\/sin-categoria\/medizinische-biomagnet-paar-therapie-das-garaus-fuer-krankheitserreger\/\" >\n\t\t\t\tBiomagnetic Pair Medical Therapy \u2013 The End of Pathogens\t\t\t<\/a>\n\t\t<\/h2>\n\t\t\t\t<div class=\"elementor-post__meta-data\">\n\t\t\t\t\t<span class=\"elementor-post-date\">\n\t\t\t21\/03\/2025\t\t<\/span>\n\t\t\t\t<span class=\"elementor-post-avatar\">\n\t\t\tNo Comments\t\t<\/span>\n\t\t\t\t<\/div>\n\t\t\t\t<div class=\"elementor-post__excerpt\">\n\t\t\t<p>In science, it is increasingly being demonstrated that pathogens such as bacteria, viruses, fungi, and parasites are the cause of diseases.<\/p>\n\t\t<\/div>\n\t\t\n\t\t<a class=\"elementor-post__read-more\" href=\"https:\/\/www.elenaherz.com\/en\/sin-categoria\/medizinische-biomagnet-paar-therapie-das-garaus-fuer-krankheitserreger\/\" aria-label=\"Read more about Terapia M\u00e9dica de Pares Biomagn\u00e9ticos &#8211; El Fin de los Pat\u00f3genos\" tabindex=\"-1\" >\n\t\t\tRead more\t\t<\/a>\n\n\t\t\t\t<\/div>\n\t\t\t\t<\/article>\n\t\t\t\t<article class=\"elementor-post elementor-grid-item post-1154 post type-post status-publish format-standard has-post-thumbnail hentry category-marketing\" role=\"listitem\">\n\t\t\t\t<a class=\"elementor-post__thumbnail__link\" href=\"https:\/\/www.elenaherz.com\/en\/marketing\/wie-notwendig-eine-klassische-medizinische-massage-sein-kann\/\" tabindex=\"-1\" >\n\t\t\t<div class=\"elementor-post__thumbnail\"><img decoding=\"async\" width=\"150\" height=\"150\" src=\"https:\/\/www.elenaherz.com\/wp-content\/uploads\/2025\/03\/a3-e1741689683609-150x150.webp\" class=\"attachment-thumbnail size-thumbnail wp-image-788\" alt=\"\" title=\"\" srcset=\"https:\/\/www.elenaherz.com\/wp-content\/uploads\/2025\/03\/a3-e1741689683609-150x150.webp 150w, https:\/\/www.elenaherz.com\/wp-content\/uploads\/2025\/03\/a3-e1741689683609-1200.webp 1200w, https:\/\/www.elenaherz.com\/wp-content\/uploads\/2025\/03\/a3-e1741689683609-600.webp 600w, https:\/\/www.elenaherz.com\/wp-content\/uploads\/2025\/03\/a3-e1741689683609-300.webp 300w\" sizes=\"(max-width: 150px) 100vw, 150px\" \/><\/div>\n\t\t<\/a>\n\t\t\t\t<div class=\"elementor-post__text\">\n\t\t\t\t<h2 class=\"elementor-post__title\">\n\t\t\t<a href=\"https:\/\/www.elenaherz.com\/en\/marketing\/wie-notwendig-eine-klassische-medizinische-massage-sein-kann\/\" >\n\t\t\t\tHow a classic medical massage may be necessary\t\t\t<\/a>\n\t\t<\/h2>\n\t\t\t\t<div class=\"elementor-post__meta-data\">\n\t\t\t\t\t<span class=\"elementor-post-date\">\n\t\t\t21\/03\/2025\t\t<\/span>\n\t\t\t\t<span class=\"elementor-post-avatar\">\n\t\t\tNo Comments\t\t<\/span>\n\t\t\t\t<\/div>\n\t\t\t\t<div class=\"elementor-post__excerpt\">\n\t\t\t<p>Who doesn't know it? When the witch strikes again and your lower back hurts. Or from one day to the next,<\/p>\n\t\t<\/div>\n\t\t\n\t\t<a class=\"elementor-post__read-more\" href=\"https:\/\/www.elenaherz.com\/en\/marketing\/wie-notwendig-eine-klassische-medizinische-massage-sein-kann\/\" aria-label=\"Read more about C\u00f3mo una masaje m\u00e9dico cl\u00e1sico puede ser necesario\" tabindex=\"-1\" >\n\t\t\tRead more\t\t<\/a>\n\n\t\t\t\t<\/div>\n\t\t\t\t<\/article>\n\t\t\t\t<article class=\"elementor-post elementor-grid-item post-1152 post type-post status-publish format-standard has-post-thumbnail hentry category-marketing\" role=\"listitem\">\n\t\t\t\t<a class=\"elementor-post__thumbnail__link\" href=\"https:\/\/www.elenaherz.com\/en\/marketing\/der-koerper-als-wertvollstes-instrument\/\" tabindex=\"-1\" >\n\t\t\t<div class=\"elementor-post__thumbnail\"><img decoding=\"async\" width=\"150\" height=\"150\" src=\"https:\/\/www.elenaherz.com\/wp-content\/uploads\/2025\/03\/photo_2025-02-21_14-38-04-e1741689754795-150x150.webp\" class=\"attachment-thumbnail size-thumbnail wp-image-784\" alt=\"\" title=\"\" srcset=\"https:\/\/www.elenaherz.com\/wp-content\/uploads\/2025\/03\/photo_2025-02-21_14-38-04-e1741689754795-150x150.webp 150w, https:\/\/www.elenaherz.com\/wp-content\/uploads\/2025\/03\/photo_2025-02-21_14-38-04-e1741689754795.webp 960w, https:\/\/www.elenaherz.com\/wp-content\/uploads\/2025\/03\/photo_2025-02-21_14-38-04-e1741689754795-600.webp 600w, https:\/\/www.elenaherz.com\/wp-content\/uploads\/2025\/03\/photo_2025-02-21_14-38-04-e1741689754795-300.webp 300w\" sizes=\"(max-width: 150px) 100vw, 150px\" \/><\/div>\n\t\t<\/a>\n\t\t\t\t<div class=\"elementor-post__text\">\n\t\t\t\t<h2 class=\"elementor-post__title\">\n\t\t\t<a href=\"https:\/\/www.elenaherz.com\/en\/marketing\/der-koerper-als-wertvollstes-instrument\/\" >\n\t\t\t\tThe body as the most valuable instrument\t\t\t<\/a>\n\t\t<\/h2>\n\t\t\t\t<div class=\"elementor-post__meta-data\">\n\t\t\t\t\t<span class=\"elementor-post-date\">\n\t\t\t21\/03\/2025\t\t<\/span>\n\t\t\t\t<span class=\"elementor-post-avatar\">\n\t\t\tNo Comments\t\t<\/span>\n\t\t\t\t<\/div>\n\t\t\t\t<div class=\"elementor-post__excerpt\">\n\t\t\t<p>Already at the beginning of the 20th century, the physician Wilhelm Reich recognized that life events are stored in the human body and that<\/p>\n\t\t<\/div>\n\t\t\n\t\t<a class=\"elementor-post__read-more\" href=\"https:\/\/www.elenaherz.com\/en\/marketing\/der-koerper-als-wertvollstes-instrument\/\" aria-label=\"Read more about El cuerpo como el instrumento m\u00e1s valioso\" tabindex=\"-1\" >\n\t\t\tRead more\t\t<\/a>\n\n\t\t\t\t<\/div>\n\t\t\t\t<\/article>\n\t\t\t\t<article class=\"elementor-post elementor-grid-item post-1150 post type-post status-publish format-standard has-post-thumbnail hentry category-marketing\" role=\"listitem\">\n\t\t\t\t<a class=\"elementor-post__thumbnail__link\" href=\"https:\/\/www.elenaherz.com\/en\/marketing\/die-fussreflexzonentherapie-wirkt-auf-den-ganzen-koerper-und-auf-die-psyche\/\" tabindex=\"-1\" >\n\t\t\t<div class=\"elementor-post__thumbnail\"><img loading=\"lazy\" decoding=\"async\" width=\"150\" height=\"150\" src=\"https:\/\/www.elenaherz.com\/wp-content\/uploads\/2025\/03\/a29-e1741689866591-150x150.webp\" class=\"attachment-thumbnail size-thumbnail wp-image-780\" alt=\"\" title=\"\" srcset=\"https:\/\/www.elenaherz.com\/wp-content\/uploads\/2025\/03\/a29-e1741689866591-150x150.webp 150w, https:\/\/www.elenaherz.com\/wp-content\/uploads\/2025\/03\/a29-e1741689866591.webp 1280w, https:\/\/www.elenaherz.com\/wp-content\/uploads\/2025\/03\/a29-e1741689866591-1200.webp 1200w, https:\/\/www.elenaherz.com\/wp-content\/uploads\/2025\/03\/a29-e1741689866591-600.webp 600w, https:\/\/www.elenaherz.com\/wp-content\/uploads\/2025\/03\/a29-e1741689866591-300.webp 300w\" sizes=\"(max-width: 150px) 100vw, 150px\" \/><\/div>\n\t\t<\/a>\n\t\t\t\t<div class=\"elementor-post__text\">\n\t\t\t\t<h2 class=\"elementor-post__title\">\n\t\t\t<a href=\"https:\/\/www.elenaherz.com\/en\/marketing\/die-fussreflexzonentherapie-wirkt-auf-den-ganzen-koerper-und-auf-die-psyche\/\" >\n\t\t\t\tFoot reflexology acts on the entire body and psyche\t\t\t<\/a>\n\t\t<\/h2>\n\t\t\t\t<div class=\"elementor-post__meta-data\">\n\t\t\t\t\t<span class=\"elementor-post-date\">\n\t\t\t21\/03\/2025\t\t<\/span>\n\t\t\t\t<span class=\"elementor-post-avatar\">\n\t\t\tNo Comments\t\t<\/span>\n\t\t\t\t<\/div>\n\t\t\t\t<div class=\"elementor-post__excerpt\">\n\t\t\t<p>Already ancient civilizations recognized a connection between the feet and the body, as can be seen in an ancient Egyptian papyrus. Also among the<\/p>\n\t\t<\/div>\n\t\t\n\t\t<a class=\"elementor-post__read-more\" href=\"https:\/\/www.elenaherz.com\/en\/marketing\/die-fussreflexzonentherapie-wirkt-auf-den-ganzen-koerper-und-auf-die-psyche\/\" aria-label=\"Read more about La reflexolog\u00eda podal act\u00faa sobre todo el cuerpo y la psique\" tabindex=\"-1\" >\n\t\t\tRead more\t\t<\/a>\n\n\t\t\t\t<\/div>\n\t\t\t\t<\/article>\n\t\t\t\t<article class=\"elementor-post elementor-grid-item post-1148 post type-post status-publish format-standard has-post-thumbnail hentry category-marketing\" role=\"listitem\">\n\t\t\t\t<a class=\"elementor-post__thumbnail__link\" href=\"https:\/\/www.elenaherz.com\/en\/marketing\/heilen-ueber-die-wirbelsaeule-mit-der-dorn-breuss-methode\/\" tabindex=\"-1\" >\n\t\t\t<div class=\"elementor-post__thumbnail\"><img loading=\"lazy\" decoding=\"async\" width=\"150\" height=\"150\" src=\"https:\/\/www.elenaherz.com\/wp-content\/uploads\/2025\/03\/young-woman-suffering-from-neckpain-people-healthcare-problem-concept-unhappy-woman-suffering-from-neckpain-home-neckpain-caused-by-taking-care-health-150x150.jpg\" class=\"attachment-thumbnail size-thumbnail wp-image-757\" alt=\"\" title=\"\" srcset=\"https:\/\/www.elenaherz.com\/wp-content\/uploads\/2025\/03\/young-woman-suffering-from-neckpain-people-healthcare-problem-concept-unhappy-woman-suffering-from-neckpain-home-neckpain-caused-by-taking-care-health-150x150.jpg 150w, https:\/\/www.elenaherz.com\/wp-content\/uploads\/2025\/03\/young-woman-suffering-from-neckpain-people-healthcare-problem-concept-unhappy-woman-suffering-from-neckpain-home-neckpain-caused-by-taking-care-health-300x300.jpg 300w, https:\/\/www.elenaherz.com\/wp-content\/uploads\/2025\/03\/young-woman-suffering-from-neckpain-people-healthcare-problem-concept-unhappy-woman-suffering-from-neckpain-home-neckpain-caused-by-taking-care-health-100x100.jpg 100w\" sizes=\"(max-width: 150px) 100vw, 150px\" \/><\/div>\n\t\t<\/a>\n\t\t\t\t<div class=\"elementor-post__text\">\n\t\t\t\t<h2 class=\"elementor-post__title\">\n\t\t\t<a href=\"https:\/\/www.elenaherz.com\/en\/marketing\/heilen-ueber-die-wirbelsaeule-mit-der-dorn-breuss-methode\/\" >\n\t\t\t\tHealing through the spine with the Dorn-Breuss method\t\t\t<\/a>\n\t\t<\/h2>\n\t\t\t\t<div class=\"elementor-post__meta-data\">\n\t\t\t\t\t<span class=\"elementor-post-date\">\n\t\t\t21\/03\/2025\t\t<\/span>\n\t\t\t\t<span class=\"elementor-post-avatar\">\n\t\t\tNo Comments\t\t<\/span>\n\t\t\t\t<\/div>\n\t\t\t\t<div class=\"elementor-post__excerpt\">\n\t\t\t<p>The Dorn-Breuss method is based on the premise that diseases arise due to blockages, misalignments, and displacements in the spine. This<\/p>\n\t\t<\/div>\n\t\t\n\t\t<a class=\"elementor-post__read-more\" href=\"https:\/\/www.elenaherz.com\/en\/marketing\/heilen-ueber-die-wirbelsaeule-mit-der-dorn-breuss-methode\/\" aria-label=\"Read more about Sanar a trav\u00e9s de la columna vertebral con el m\u00e9todo Dorn-Breuss\" tabindex=\"-1\" >\n\t\t\tRead more\t\t<\/a>\n\n\t\t\t\t<\/div>\n\t\t\t\t<\/article>\n\t\t\t\t<article class=\"elementor-post elementor-grid-item post-1146 post type-post status-publish format-standard has-post-thumbnail hentry category-marketing\" role=\"listitem\">\n\t\t\t\t<a class=\"elementor-post__thumbnail__link\" href=\"https:\/\/www.elenaherz.com\/en\/marketing\/cranio-sacral-therapie-eine-beliebte-alternative-heiltherapie\/\" tabindex=\"-1\" >\n\t\t\t<div class=\"elementor-post__thumbnail\"><img loading=\"lazy\" decoding=\"async\" width=\"150\" height=\"150\" src=\"https:\/\/www.elenaherz.com\/wp-content\/uploads\/2025\/03\/a18-e1741689821665-150x150.webp\" class=\"attachment-thumbnail size-thumbnail wp-image-781\" alt=\"\" title=\"\" srcset=\"https:\/\/www.elenaherz.com\/wp-content\/uploads\/2025\/03\/a18-e1741689821665-150x150.webp 150w, https:\/\/www.elenaherz.com\/wp-content\/uploads\/2025\/03\/a18-e1741689821665.webp 1280w, https:\/\/www.elenaherz.com\/wp-content\/uploads\/2025\/03\/a18-e1741689821665-1200.webp 1200w, https:\/\/www.elenaherz.com\/wp-content\/uploads\/2025\/03\/a18-e1741689821665-600.webp 600w, https:\/\/www.elenaherz.com\/wp-content\/uploads\/2025\/03\/a18-e1741689821665-300.webp 300w\" sizes=\"(max-width: 150px) 100vw, 150px\" \/><\/div>\n\t\t<\/a>\n\t\t\t\t<div class=\"elementor-post__text\">\n\t\t\t\t<h2 class=\"elementor-post__title\">\n\t\t\t<a href=\"https:\/\/www.elenaherz.com\/en\/marketing\/cranio-sacral-therapie-eine-beliebte-alternative-heiltherapie\/\" >\n\t\t\t\tCraniosacral Therapy: A Popular Alternative Therapy\t\t\t<\/a>\n\t\t<\/h2>\n\t\t\t\t<div class=\"elementor-post__meta-data\">\n\t\t\t\t\t<span class=\"elementor-post-date\">\n\t\t\t21\/03\/2025\t\t<\/span>\n\t\t\t\t<span class=\"elementor-post-avatar\">\n\t\t\tNo Comments\t\t<\/span>\n\t\t\t\t<\/div>\n\t\t\t\t<div class=\"elementor-post__excerpt\">\n\t\t\t<p>Craniosacral therapy is a popular and well-known alternative therapy. It comes from osteopathy and is a very gentle treatment method. It is almost exclusively used<\/p>\n\t\t<\/div>\n\t\t\n\t\t<a class=\"elementor-post__read-more\" href=\"https:\/\/www.elenaherz.com\/en\/marketing\/cranio-sacral-therapie-eine-beliebte-alternative-heiltherapie\/\" aria-label=\"Read more about Terapia Craneosacral: una popular terapia alternativa\" tabindex=\"-1\" >\n\t\t\tRead more\t\t<\/a>\n\n\t\t\t\t<\/div>\n\t\t\t\t<\/article>\n\t\t\t\t<\/div>\n\t\t\n\t\t\t\t\t\t<\/div>\n\t\t\t\t<\/div>\n\t\t\t\t\t<\/div>\n\t\t<\/div>\n\t\t\t\t\t<\/div>\n\t\t<\/section>\n\t\t\t\t<\/div>","protected":false},"excerpt":{"rendered":"<p>Blog Descubre consejos, ejercicios y recomendaciones para mejorar tu bienestar f\u00edsico, prevenir lesiones y optimizar tu recuperaci\u00f3n con el respaldo de la fisioterapia.<\/p>","protected":false},"author":16,"featured_media":0,"parent":0,"menu_order":0,"comment_status":"closed","ping_status":"closed","template":"","meta":{"footnotes":""},"class_list":["post-968","page","type-page","status-publish","hentry"],"_links":{"self":[{"href":"https:\/\/www.elenaherz.com\/en\/wp-json\/wp\/v2\/pages\/968","targetHints":{"allow":["GET"]}}],"collection":[{"href":"https:\/\/www.elenaherz.com\/en\/wp-json\/wp\/v2\/pages"}],"about":[{"href":"https:\/\/www.elenaherz.com\/en\/wp-json\/wp\/v2\/types\/page"}],"author":[{"embeddable":true,"href":"https:\/\/www.elenaherz.com\/en\/wp-json\/wp\/v2\/users\/16"}],"replies":[{"embeddable":true,"href":"https:\/\/www.elenaherz.com\/en\/wp-json\/wp\/v2\/comments?post=968"}],"version-history":[{"count":5,"href":"https:\/\/www.elenaherz.com\/en\/wp-json\/wp\/v2\/pages\/968\/revisions"}],"predecessor-version":[{"id":1491,"href":"https:\/\/www.elenaherz.com\/en\/wp-json\/wp\/v2\/pages\/968\/revisions\/1491"}],"wp:attachment":[{"href":"https:\/\/www.elenaherz.com\/en\/wp-json\/wp\/v2\/media?parent=968"}],"curies":[{"name":"wp","href":"https:\/\/api.w.org\/{rel}","templated":true}]}}